{"id":68,"date":"2023-10-10T10:00:00","date_gmt":"2023-10-10T08:00:00","guid":{"rendered":"https:\/\/www.ms-leibnitz.at\/?page_id=68"},"modified":"2023-10-16T12:52:24","modified_gmt":"2023-10-16T10:52:24","slug":"kontakt-2","status":"publish","type":"page","link":"https:\/\/www.ms-leibnitz.at\/index.php\/musikschule\/elternverein\/kontakt-2\/","title":{"rendered":"Elternverein Kontakt"},"content":{"rendered":"\n<p>Der Obmann unseres Eltern- und Unterst\u00fctzungsverein, Herr Dietmar Piskar-Kerschler, steht Ihnen gerne f\u00fcr Fragen zur Verf\u00fcgung.<\/p>\n\n\n\n<p><strong>Kontakt<\/strong><br>Dietmar Piskar-Kerschler<br><strong>Telefon<\/strong><br>+43 (0) 699 11125609<br><br><a href=\"mailto:dpk1803@gmail.com\" data-type=\"link\" data-id=\"dpk1803@gmail.com\"><strong>E-Mail<\/strong><\/a><\/p>\n","protected":false},"excerpt":{"rendered":"<p>Der Obmann unseres Eltern- und Unterst\u00fctzungsverein, Herr Dietmar Piskar-Kerschler, steht Ihnen gerne f\u00fcr Fragen zur Verf\u00fcgung. KontaktDietmar Piskar-KerschlerTelefon+43 (0) 699 11125609 E-Mail<\/p>\n","protected":false},"author":1,"featured_media":0,"parent":61,"menu_order":0,"comment_status":"closed","ping_status":"closed","template":"","meta":{"ngg_post_thumbnail":0,"_EventAllDay":false,"_EventTimezone":"","_EventStartDate":"","_EventEndDate":"","_EventStartDateUTC":"","_EventEndDateUTC":"","_EventShowMap":false,"_EventShowMapLink":false,"_EventURL":"","_EventCost":"","_EventCostDescription":"","_EventCurrencySymbol":"","_EventCurrencyCode":"","_EventCurrencyPosition":"","_EventDateTimeSeparator":"","_EventTimeRangeSeparator":"","_EventOrganizerID":[],"_EventVenueID":[],"_OrganizerEmail":"","_OrganizerPhone":"","_OrganizerWebsite":"","_VenueAddress":"","_VenueCity":"","_VenueCountry":"","_VenueProvince":"","_VenueState":"","_VenueZip":"","_VenuePhone":"","_VenueURL":"","_VenueStateProvince":"","_VenueLat":"","_VenueLng":"","_VenueShowMap":false,"_VenueShowMapLink":false,"footnotes":""},"class_list":["post-68","page","type-page","status-publish","hentry"],"blocksy_meta":[],"_links":{"self":[{"href":"https:\/\/www.ms-leibnitz.at\/index.php\/wp-json\/wp\/v2\/pages\/68","targetHints":{"allow":["GET"]}}],"collection":[{"href":"https:\/\/www.ms-leibnitz.at\/index.php\/wp-json\/wp\/v2\/pages"}],"about":[{"href":"https:\/\/www.ms-leibnitz.at\/index.php\/wp-json\/wp\/v2\/types\/page"}],"author":[{"embeddable":true,"href":"https:\/\/www.ms-leibnitz.at\/index.php\/wp-json\/wp\/v2\/users\/1"}],"replies":[{"embeddable":true,"href":"https:\/\/www.ms-leibnitz.at\/index.php\/wp-json\/wp\/v2\/comments?post=68"}],"version-history":[{"count":8,"href":"https:\/\/www.ms-leibnitz.at\/index.php\/wp-json\/wp\/v2\/pages\/68\/revisions"}],"predecessor-version":[{"id":531,"href":"https:\/\/www.ms-leibnitz.at\/index.php\/wp-json\/wp\/v2\/pages\/68\/revisions\/531"}],"up":[{"embeddable":true,"href":"https:\/\/www.ms-leibnitz.at\/index.php\/wp-json\/wp\/v2\/pages\/61"}],"wp:attachment":[{"href":"https:\/\/www.ms-leibnitz.at\/index.php\/wp-json\/wp\/v2\/media?parent=68"}],"curies":[{"name":"wp","href":"https:\/\/api.w.org\/{rel}","templated":true}]}}