{"id":61,"date":"2023-10-10T10:00:00","date_gmt":"2023-10-10T08:00:00","guid":{"rendered":"https:\/\/www.ms-leibnitz.at\/?page_id=61"},"modified":"2024-04-26T13:46:56","modified_gmt":"2024-04-26T11:46:56","slug":"elternverein","status":"publish","type":"page","link":"https:\/\/www.ms-leibnitz.at\/index.php\/musikschule\/elternverein\/","title":{"rendered":"Elternverein"},"content":{"rendered":"\n<p>Auf Wunsch der Direktion der Musikschule Leibnitz wurde im November 2009 der Eltern- und Unterst\u00fctzungsverein der Musikschule Leibnitz gegr\u00fcndet.<br><strong><br>Ziel des Vereines:<\/strong><br>Zweck dieses Vereines ist die Unterst\u00fctzung der Musikschule in finanziellen und handelnden Belangen (z.B. beim Ankauf von Noten, Instrumenten etc.) ausschlie\u00dflich in Zusammenarbeit mit der Direktion und den MusikschullehrerInnen.<br><br><strong>Die Vorstandsmitglieder sind im Schuljahr 2023\/24:<\/strong><br>Dietmar Piskar-Kerschler, Obmann<br>Vitus Riedl, Obmann-Stellvertreter<br>Angharad Stickler, Schriftf\u00fchrerin<br>Romana Maier, Schriftf\u00fchrer-Stellvertreterin<br>Bernd Hofer, Kassier<br>Maria Hofer, Kassier-Stellvertreterin<\/p>\n\n\n\n<p><strong><br>Beispiele f\u00fcr die derzeitigen Aktivit\u00e4ten des Vereins:<\/strong><\/p>\n\n\n\n<ul class=\"wp-block-list\">\n<li>\u00dcbernahme von Fahrtkosten f\u00fcr die Musiksch\u00fclerInnen f\u00fcr Fahrten zu Wettbewerben und Auftritten der Musikschule<\/li>\n\n\n\n<li>Kostenzusch\u00fcsse f\u00fcr den Ankauf von Instrumenten und Noten f\u00fcr die Musikschule<\/li>\n\n\n\n<li>Ausschank bei diversen Konzerten, um die Vereinskasse aufzubessern (z.B.: beim Konzert der Schlagzeuger von Bernhard Richter, beim Akkordeonfestival und beim REVAPO &amp; Friends-Konzert, beim Neujahrskonzert des Symphonie-Orchesters, beim Schulschlussfest und beim Weihnachtskonzert der Musikschule etc.) und vieles mehr<\/li>\n<\/ul>\n\n\n\n<p><br><strong>T\u00e4tigkeiten des Vereins:<\/strong><\/p>\n\n\n\n<ul class=\"wp-block-list\">\n<li>Ausschank bei Konzerten<\/li>\n\n\n\n<li>Ausrichtung des Schulschlussfestes der Musikschule<\/li>\n\n\n\n<li>Ausschank beim Weihnachtskonzert der Musikschule<\/li>\n\n\n\n<li>\u00dcbernahme von Buskosten etc.(siehe Bericht Kassier)<\/li>\n<\/ul>\n\n\n\n<p><br>Nun ersuchen wir SIE, uns mit Ihrem Mitgliedsbeitrag von \u20ac 8,&#8211; oder einer Spende zu unterst\u00fctzen. Mitglied werden kann jede\/r Absolvent\/in, jeder aktive Sch\u00fclerIn bzw. dessen\/deren Erziehungsberechtigte und jeder, der die F.-K.-Musikschule unterst\u00fctzen m\u00f6chte. Unser IBAN f\u00fcr \u00dcberweisungen lautet&nbsp;AT562081500001782473. Alle, die auch aktiv mitarbeiten m\u00f6chten und uns hin und wieder mit Rat und Tat zur Seite stehen k\u00f6nnten, ersuchen wir, sich unter Tel.&nbsp;0664\/4137959&nbsp;zu melden. Wir freuen uns auf Ihre Unterst\u00fctzung und Mitgliedschaft.<br><br>Dietmar Piskar-Kerschler, Obmann<\/p>\n","protected":false},"excerpt":{"rendered":"<p>Auf Wunsch der Direktion der Musikschule Leibnitz wurde im November 2009 der Eltern- und Unterst\u00fctzungsverein der Musikschule Leibnitz gegr\u00fcndet.Ziel des Vereines:Zweck dieses Vereines ist die Unterst\u00fctzung der Musikschule in finanziellen [&hellip;]<\/p>\n","protected":false},"author":1,"featured_media":0,"parent":18,"menu_order":0,"comment_status":"closed","ping_status":"closed","template":"","meta":{"ngg_post_thumbnail":0,"_EventAllDay":false,"_EventTimezone":"","_EventStartDate":"","_EventEndDate":"","_EventStartDateUTC":"","_EventEndDateUTC":"","_EventShowMap":false,"_EventShowMapLink":false,"_EventURL":"","_EventCost":"","_EventCostDescription":"","_EventCurrencySymbol":"","_EventCurrencyCode":"","_EventCurrencyPosition":"","_EventDateTimeSeparator":"","_EventTimeRangeSeparator":"","_EventOrganizerID":[],"_EventVenueID":[],"_OrganizerEmail":"","_OrganizerPhone":"","_OrganizerWebsite":"","_VenueAddress":"","_VenueCity":"","_VenueCountry":"","_VenueProvince":"","_VenueState":"","_VenueZip":"","_VenuePhone":"","_VenueURL":"","_VenueStateProvince":"","_VenueLat":"","_VenueLng":"","_VenueShowMap":false,"_VenueShowMapLink":false,"footnotes":""},"class_list":["post-61","page","type-page","status-publish","hentry"],"blocksy_meta":[],"_links":{"self":[{"href":"https:\/\/www.ms-leibnitz.at\/index.php\/wp-json\/wp\/v2\/pages\/61","targetHints":{"allow":["GET"]}}],"collection":[{"href":"https:\/\/www.ms-leibnitz.at\/index.php\/wp-json\/wp\/v2\/pages"}],"about":[{"href":"https:\/\/www.ms-leibnitz.at\/index.php\/wp-json\/wp\/v2\/types\/page"}],"author":[{"embeddable":true,"href":"https:\/\/www.ms-leibnitz.at\/index.php\/wp-json\/wp\/v2\/users\/1"}],"replies":[{"embeddable":true,"href":"https:\/\/www.ms-leibnitz.at\/index.php\/wp-json\/wp\/v2\/comments?post=61"}],"version-history":[{"count":3,"href":"https:\/\/www.ms-leibnitz.at\/index.php\/wp-json\/wp\/v2\/pages\/61\/revisions"}],"predecessor-version":[{"id":841,"href":"https:\/\/www.ms-leibnitz.at\/index.php\/wp-json\/wp\/v2\/pages\/61\/revisions\/841"}],"up":[{"embeddable":true,"href":"https:\/\/www.ms-leibnitz.at\/index.php\/wp-json\/wp\/v2\/pages\/18"}],"wp:attachment":[{"href":"https:\/\/www.ms-leibnitz.at\/index.php\/wp-json\/wp\/v2\/media?parent=61"}],"curies":[{"name":"wp","href":"https:\/\/api.w.org\/{rel}","templated":true}]}}