{"id":59,"date":"2023-10-10T10:00:00","date_gmt":"2023-10-10T08:00:00","guid":{"rendered":"https:\/\/www.ms-leibnitz.at\/?page_id=59"},"modified":"2025-09-22T10:11:50","modified_gmt":"2025-09-22T08:11:50","slug":"kosten","status":"publish","type":"page","link":"https:\/\/www.ms-leibnitz.at\/index.php\/musikschule\/kosten\/","title":{"rendered":"Kosten Musikschule im Schuljahr 2025\/26"},"content":{"rendered":"\n<p>laut Empfehlung des Landes Steiermark gemeinsam mit dem St\u00e4dte- und Gemeindebund<\/p>\n\n\n\n<p><\/p>\n\n\n\n<figure class=\"wp-block-table\"><table><thead><tr><th><\/th><th>Sch\u00fclerInnen j\u00e4hrlich <\/th><th>Gemeindebeitrag  Sch\u00fclerInnen j\u00e4hrlich <\/th><th>Erwachsene j\u00e4hrlich <\/th><th>Gemeindebeitrag Erwachsene j\u00e4hrlich <\/th><\/tr><\/thead><tbody><tr><td>Hauptfach f. ordentliche Sch\u00fclerInnen lt. Statut<\/td><td>\u20ac 575,-<\/td><td>\u20ac 629,-<\/td><td>\u20ac 1110,-<\/td><td>\u20ac 475,-<\/td><\/tr><tr><td>Kursfach (ab 6) *1 Wochenstunde (50 min)<\/td><td>\u20ac 284,-<\/td><td>\u20ac 150,-<\/td><td>\u20ac 284,-<\/td><td>\u20ac 150,-<\/td><\/tr><tr><td>Kursfach (zu 4-5) *1 Wochenstunde (50 min)<\/td><td>\u20ac 425,-<\/td><td>\u20ac 289,-<\/td><td>\u20ac 425,-<\/td><td>\u20ac 289,-<\/td><\/tr><tr><td><\/td><td><\/td><td><\/td><td><\/td><td><\/td><\/tr><tr><td>Beitrag zum Sachaufwand<\/td><td>&#8212;<\/td><td>\u20ac 200,-<\/td><td>&#8212;<\/td><td>\u20ac 200,-<\/td><\/tr><\/tbody><\/table><\/figure>\n\n\n\n<p>Die Verrechnung erfolgt zwei Mal im Jahr (November und Mai) \u00fcber die Stadtgemeinde Leibnitz.<\/p>\n","protected":false},"excerpt":{"rendered":"<p>laut Empfehlung des Landes Steiermark gemeinsam mit dem St\u00e4dte- und Gemeindebund Sch\u00fclerInnen j\u00e4hrlich Gemeindebeitrag Sch\u00fclerInnen j\u00e4hrlich Erwachsene j\u00e4hrlich Gemeindebeitrag Erwachsene j\u00e4hrlich Hauptfach f. ordentliche Sch\u00fclerInnen lt. Statut \u20ac 575,- \u20ac [&hellip;]<\/p>\n","protected":false},"author":1,"featured_media":0,"parent":18,"menu_order":0,"comment_status":"closed","ping_status":"closed","template":"","meta":{"ngg_post_thumbnail":0,"_EventAllDay":false,"_EventTimezone":"","_EventStartDate":"","_EventEndDate":"","_EventStartDateUTC":"","_EventEndDateUTC":"","_EventShowMap":false,"_EventShowMapLink":false,"_EventURL":"","_EventCost":"","_EventCostDescription":"","_EventCurrencySymbol":"","_EventCurrencyCode":"","_EventCurrencyPosition":"","_EventDateTimeSeparator":"","_EventTimeRangeSeparator":"","_EventOrganizerID":[],"_EventVenueID":[],"_OrganizerEmail":"","_OrganizerPhone":"","_OrganizerWebsite":"","_VenueAddress":"","_VenueCity":"","_VenueCountry":"","_VenueProvince":"","_VenueState":"","_VenueZip":"","_VenuePhone":"","_VenueURL":"","_VenueStateProvince":"","_VenueLat":"","_VenueLng":"","_VenueShowMap":false,"_VenueShowMapLink":false,"footnotes":""},"class_list":["post-59","page","type-page","status-publish","hentry"],"blocksy_meta":[],"_links":{"self":[{"href":"https:\/\/www.ms-leibnitz.at\/index.php\/wp-json\/wp\/v2\/pages\/59","targetHints":{"allow":["GET"]}}],"collection":[{"href":"https:\/\/www.ms-leibnitz.at\/index.php\/wp-json\/wp\/v2\/pages"}],"about":[{"href":"https:\/\/www.ms-leibnitz.at\/index.php\/wp-json\/wp\/v2\/types\/page"}],"author":[{"embeddable":true,"href":"https:\/\/www.ms-leibnitz.at\/index.php\/wp-json\/wp\/v2\/users\/1"}],"replies":[{"embeddable":true,"href":"https:\/\/www.ms-leibnitz.at\/index.php\/wp-json\/wp\/v2\/comments?post=59"}],"version-history":[{"count":25,"href":"https:\/\/www.ms-leibnitz.at\/index.php\/wp-json\/wp\/v2\/pages\/59\/revisions"}],"predecessor-version":[{"id":1614,"href":"https:\/\/www.ms-leibnitz.at\/index.php\/wp-json\/wp\/v2\/pages\/59\/revisions\/1614"}],"up":[{"embeddable":true,"href":"https:\/\/www.ms-leibnitz.at\/index.php\/wp-json\/wp\/v2\/pages\/18"}],"wp:attachment":[{"href":"https:\/\/www.ms-leibnitz.at\/index.php\/wp-json\/wp\/v2\/media?parent=59"}],"curies":[{"name":"wp","href":"https:\/\/api.w.org\/{rel}","templated":true}]}}