{"id":55,"date":"2023-10-10T10:00:00","date_gmt":"2023-10-10T08:00:00","guid":{"rendered":"https:\/\/www.ms-leibnitz.at\/?page_id=55"},"modified":"2026-03-18T12:06:07","modified_gmt":"2026-03-18T10:06:07","slug":"unterrichtsfaecher","status":"publish","type":"page","link":"https:\/\/www.ms-leibnitz.at\/index.php\/musikschule\/unterrichtsfaecher\/","title":{"rendered":"Unterrichtsf\u00e4cher"},"content":{"rendered":"\n<h2 class=\"wp-block-heading has-regular-font-size\"><strong>Instrumente\/Hauptf\u00e4cher:<\/strong><\/h2>\n\n\n\n<div class=\"wp-block-columns is-layout-flex wp-container-core-columns-is-layout-28f84493 wp-block-columns-is-layout-flex\">\n<div class=\"wp-block-column is-layout-flow wp-block-column-is-layout-flow\">\n<div class=\"wp-block-media-text is-stacked-on-mobile\"><figure class=\"wp-block-media-text__media\"><img decoding=\"async\" src=\"https:\/\/www.ms-leibnitz.at\/wp-content\/uploads\/2024\/04\/Icon-Website-Akkordeon-2.tiff\" alt=\"\" class=\"wp-image-882 size-full\"\/><\/figure><div class=\"wp-block-media-text__content\">\n<p>Akkordeon<\/p>\n<\/div><\/div>\n<\/div>\n\n\n\n<div class=\"wp-block-column is-layout-flow wp-block-column-is-layout-flow\">\n<div class=\"wp-block-media-text is-stacked-on-mobile\" style=\"grid-template-columns:40% auto\"><figure class=\"wp-block-media-text__media\"><img decoding=\"async\" src=\"https:\/\/www.ms-leibnitz.at\/wp-content\/uploads\/2024\/04\/Icon-Website-Blockfloete-1-1.tiff\" alt=\"\" class=\"wp-image-897 size-full\"\/><\/figure><div class=\"wp-block-media-text__content\">\n<p>Blockfl\u00f6te<\/p>\n<\/div><\/div>\n<\/div>\n\n\n\n<div class=\"wp-block-column is-layout-flow wp-block-column-is-layout-flow\">\n<div class=\"wp-block-media-text is-stacked-on-mobile\"><figure class=\"wp-block-media-text__media\"><img decoding=\"async\" src=\"https:\/\/www.ms-leibnitz.at\/wp-content\/uploads\/2024\/04\/Icon-Website-E-Bass-1.tiff\" alt=\"\" class=\"wp-image-902 size-full\"\/><\/figure><div class=\"wp-block-media-text__content\">\n<p>E-Bass<\/p>\n<\/div><\/div>\n<\/div>\n\n\n\n<div class=\"wp-block-column is-layout-flow wp-block-column-is-layout-flow\">\n<div class=\"wp-block-media-text is-stacked-on-mobile\"><figure class=\"wp-block-media-text__media\"><img decoding=\"async\" src=\"https:\/\/www.ms-leibnitz.at\/wp-content\/uploads\/2024\/04\/Icon-Website-E-Gitarre-1.tiff\" alt=\"\" class=\"wp-image-885 size-full\"\/><\/figure><div class=\"wp-block-media-text__content\">\n<p>E-Gitarre<\/p>\n<\/div><\/div>\n<\/div>\n<\/div>\n\n\n\n<div class=\"wp-block-columns is-layout-flex wp-container-core-columns-is-layout-28f84493 wp-block-columns-is-layout-flex\">\n<div class=\"wp-block-column is-layout-flow wp-block-column-is-layout-flow\">\n<div class=\"wp-block-media-text is-stacked-on-mobile\"><figure class=\"wp-block-media-text__media\"><img decoding=\"async\" src=\"https:\/\/www.ms-leibnitz.at\/wp-content\/uploads\/2024\/04\/Icon-Website-Fluegelhorn-2.tiff\" alt=\"\" class=\"wp-image-887 size-full\"\/><\/figure><div class=\"wp-block-media-text__content\">\n<p>Fl\u00fcgelhorn<\/p>\n<\/div><\/div>\n<\/div>\n\n\n\n<div class=\"wp-block-column is-layout-flow wp-block-column-is-layout-flow\">\n<div class=\"wp-block-media-text is-stacked-on-mobile\"><figure class=\"wp-block-media-text__media\"><img decoding=\"async\" src=\"https:\/\/www.ms-leibnitz.at\/wp-content\/uploads\/2024\/04\/Icon-Website-Gesang-1.tiff\" alt=\"\" class=\"wp-image-889 size-full\"\/><\/figure><div class=\"wp-block-media-text__content\">\n<p>Gesang<\/p>\n<\/div><\/div>\n<\/div>\n\n\n\n<div class=\"wp-block-column is-layout-flow wp-block-column-is-layout-flow\">\n<div class=\"wp-block-media-text is-stacked-on-mobile\"><figure class=\"wp-block-media-text__media\"><img decoding=\"async\" src=\"https:\/\/www.ms-leibnitz.at\/wp-content\/uploads\/2024\/04\/Icon-Website-Gitarre-3.tiff\" alt=\"\" class=\"wp-image-892 size-full\"\/><\/figure><div class=\"wp-block-media-text__content\">\n<p>Gitarre<\/p>\n<\/div><\/div>\n<\/div>\n\n\n\n<div class=\"wp-block-column is-layout-flow wp-block-column-is-layout-flow\">\n<div class=\"wp-block-media-text is-stacked-on-mobile\"><figure class=\"wp-block-media-text__media\"><img decoding=\"async\" src=\"https:\/\/www.ms-leibnitz.at\/wp-content\/uploads\/2024\/04\/Icon-Website-Harfe.tiff\" alt=\"\" class=\"wp-image-868 size-full\"\/><\/figure><div class=\"wp-block-media-text__content\">\n<p>Harfe<\/p>\n<\/div><\/div>\n<\/div>\n<\/div>\n\n\n\n<div class=\"wp-block-columns is-layout-flex wp-container-core-columns-is-layout-28f84493 wp-block-columns-is-layout-flex\">\n<div class=\"wp-block-column is-layout-flow wp-block-column-is-layout-flow\">\n<div class=\"wp-block-media-text is-stacked-on-mobile\"><figure class=\"wp-block-media-text__media\"><img decoding=\"async\" src=\"https:\/\/www.ms-leibnitz.at\/wp-content\/uploads\/2024\/04\/Icon-Website-Horn.tiff\" alt=\"\" class=\"wp-image-869 size-full\"\/><\/figure><div class=\"wp-block-media-text__content\">\n<p>Horn<\/p>\n<\/div><\/div>\n<\/div>\n\n\n\n<div class=\"wp-block-column is-layout-flow wp-block-column-is-layout-flow\">\n<div class=\"wp-block-media-text is-stacked-on-mobile\"><figure class=\"wp-block-media-text__media\"><img decoding=\"async\" src=\"https:\/\/www.ms-leibnitz.at\/wp-content\/uploads\/2024\/04\/Icon-Website-Keyboard-1.tiff\" alt=\"\" class=\"wp-image-905 size-full\"\/><\/figure><div class=\"wp-block-media-text__content\">\n<p>Keyboard<\/p>\n<\/div><\/div>\n<\/div>\n\n\n\n<div class=\"wp-block-column is-layout-flow wp-block-column-is-layout-flow\">\n<div class=\"wp-block-media-text is-stacked-on-mobile\"><figure class=\"wp-block-media-text__media\"><img decoding=\"async\" src=\"https:\/\/www.ms-leibnitz.at\/wp-content\/uploads\/2024\/05\/Icon-Website-Klarinette-1.tiff\" alt=\"\" class=\"wp-image-940 size-full\"\/><\/figure><div class=\"wp-block-media-text__content\">\n<p>Klarinette<\/p>\n<\/div><\/div>\n<\/div>\n\n\n\n<div class=\"wp-block-column is-layout-flow wp-block-column-is-layout-flow\">\n<div class=\"wp-block-media-text is-stacked-on-mobile\"><figure class=\"wp-block-media-text__media\"><img decoding=\"async\" src=\"https:\/\/www.ms-leibnitz.at\/wp-content\/uploads\/2024\/04\/Icon-Website-Klavier.tiff\" alt=\"\" class=\"wp-image-871 size-full\"\/><\/figure><div class=\"wp-block-media-text__content\">\n<p>Klavier<\/p>\n<\/div><\/div>\n<\/div>\n<\/div>\n\n\n\n<div class=\"wp-block-columns is-layout-flex wp-container-core-columns-is-layout-28f84493 wp-block-columns-is-layout-flex\">\n<div class=\"wp-block-column is-layout-flow wp-block-column-is-layout-flow\"><\/div>\n\n\n\n<div class=\"wp-block-column is-layout-flow wp-block-column-is-layout-flow\">\n<div class=\"wp-block-media-text is-stacked-on-mobile\"><figure class=\"wp-block-media-text__media\"><img decoding=\"async\" src=\"https:\/\/www.ms-leibnitz.at\/wp-content\/uploads\/2024\/04\/Icon-Website-Posaune.tiff\" alt=\"\" class=\"wp-image-872 size-full\"\/><\/figure><div class=\"wp-block-media-text__content\">\n<p>Posaune<\/p>\n<\/div><\/div>\n<\/div>\n\n\n\n<div class=\"wp-block-column is-layout-flow wp-block-column-is-layout-flow\">\n<div class=\"wp-block-media-text is-stacked-on-mobile\"><figure class=\"wp-block-media-text__media\"><img decoding=\"async\" src=\"https:\/\/www.ms-leibnitz.at\/wp-content\/uploads\/2024\/04\/Icon-Website-Querfloete-dicker.tiff\" alt=\"\" class=\"wp-image-900 size-full\"\/><\/figure><div class=\"wp-block-media-text__content\">\n<p>Querfl\u00f6te<\/p>\n<\/div><\/div>\n<\/div>\n\n\n\n<div class=\"wp-block-column is-layout-flow wp-block-column-is-layout-flow\">\n<div class=\"wp-block-media-text is-stacked-on-mobile\"><figure class=\"wp-block-media-text__media\"><img decoding=\"async\" src=\"https:\/\/www.ms-leibnitz.at\/wp-content\/uploads\/2024\/04\/Icon-Website-Saxophon-einfach.tiff\" alt=\"\" class=\"wp-image-874 size-full\"\/><\/figure><div class=\"wp-block-media-text__content\">\n<p>Saxophon<\/p>\n<\/div><\/div>\n<\/div>\n<\/div>\n\n\n\n<div class=\"wp-block-columns is-layout-flex wp-container-core-columns-is-layout-28f84493 wp-block-columns-is-layout-flex\">\n<div class=\"wp-block-column is-layout-flow wp-block-column-is-layout-flow\">\n<div class=\"wp-block-media-text is-stacked-on-mobile\"><figure class=\"wp-block-media-text__media\"><img decoding=\"async\" src=\"https:\/\/www.ms-leibnitz.at\/wp-content\/uploads\/2024\/04\/Icon-Website-Schlagzeug.tiff\" alt=\"\" class=\"wp-image-875 size-full\"\/><\/figure><div class=\"wp-block-media-text__content\">\n<p>Schlagzeug<\/p>\n<\/div><\/div>\n<\/div>\n\n\n\n<div class=\"wp-block-column is-layout-flow wp-block-column-is-layout-flow\">\n<div class=\"wp-block-media-text is-stacked-on-mobile\"><figure class=\"wp-block-media-text__media\"><img decoding=\"async\" src=\"https:\/\/www.ms-leibnitz.at\/wp-content\/uploads\/2024\/04\/Icons-Werbsite-Steirische-Harmonika.tiff\" alt=\"\" class=\"wp-image-880 size-full\"\/><\/figure><div class=\"wp-block-media-text__content\">\n<p>Steirische Harmonika<\/p>\n<\/div><\/div>\n<\/div>\n\n\n\n<div class=\"wp-block-column is-layout-flow wp-block-column-is-layout-flow\">\n<div class=\"wp-block-media-text is-stacked-on-mobile\"><figure class=\"wp-block-media-text__media\"><img decoding=\"async\" src=\"https:\/\/www.ms-leibnitz.at\/wp-content\/uploads\/2024\/04\/Icon-Website-Tenorhorn.tiff\" alt=\"\" class=\"wp-image-876 size-full\"\/><\/figure><div class=\"wp-block-media-text__content\">\n<p>Tenorhorn<\/p>\n<\/div><\/div>\n<\/div>\n\n\n\n<div class=\"wp-block-column is-layout-flow wp-block-column-is-layout-flow\">\n<div class=\"wp-block-media-text is-stacked-on-mobile\"><figure class=\"wp-block-media-text__media\"><img decoding=\"async\" src=\"https:\/\/www.ms-leibnitz.at\/wp-content\/uploads\/2024\/04\/Icon-Website-Trompete-3.tiff\" alt=\"\" class=\"wp-image-894 size-full\"\/><\/figure><div class=\"wp-block-media-text__content\">\n<p>Trompete<\/p>\n<\/div><\/div>\n<\/div>\n<\/div>\n\n\n\n<div class=\"wp-block-columns is-layout-flex wp-container-core-columns-is-layout-28f84493 wp-block-columns-is-layout-flex\">\n<div class=\"wp-block-column is-layout-flow wp-block-column-is-layout-flow\">\n<div class=\"wp-block-media-text is-stacked-on-mobile\"><figure class=\"wp-block-media-text__media\"><img decoding=\"async\" src=\"https:\/\/www.ms-leibnitz.at\/wp-content\/uploads\/2024\/04\/Icon-Website-Tuba.tiff\" alt=\"\" class=\"wp-image-878 size-full\"\/><\/figure><div class=\"wp-block-media-text__content\">\n<p>Tuba<\/p>\n<\/div><\/div>\n<\/div>\n\n\n\n<div class=\"wp-block-column is-layout-flow wp-block-column-is-layout-flow\">\n<div class=\"wp-block-media-text is-stacked-on-mobile\"><figure class=\"wp-block-media-text__media\"><img decoding=\"async\" src=\"https:\/\/www.ms-leibnitz.at\/wp-content\/uploads\/2024\/04\/Icon-Website-Violine-1.tiff\" alt=\"\" class=\"wp-image-879 size-full\"\/><\/figure><div class=\"wp-block-media-text__content\">\n<p>Violine<\/p>\n<\/div><\/div>\n<\/div>\n\n\n\n<div class=\"wp-block-column is-layout-flow wp-block-column-is-layout-flow\">\n<div class=\"wp-block-media-text is-stacked-on-mobile\" style=\"grid-template-columns:31% auto\"><figure class=\"wp-block-media-text__media\"><img decoding=\"async\" src=\"https:\/\/www.ms-leibnitz.at\/wp-content\/uploads\/2024\/04\/Icon-Webiste-Cello-dicker.tiff\" alt=\"\" class=\"wp-image-903 size-full\"\/><\/figure><div class=\"wp-block-media-text__content\">\n<p>Violoncello<\/p>\n<\/div><\/div>\n<\/div>\n\n\n\n<div class=\"wp-block-column is-layout-flow wp-block-column-is-layout-flow\"><\/div>\n<\/div>\n\n\n\n<h2 class=\"wp-block-heading\">Kursf\u00e4cher:<\/h2>\n\n\n\n<div class=\"wp-block-columns is-layout-flex wp-container-core-columns-is-layout-28f84493 wp-block-columns-is-layout-flex\">\n<div class=\"wp-block-column is-layout-flow wp-block-column-is-layout-flow\">\n<div class=\"wp-block-media-text is-stacked-on-mobile\" style=\"grid-template-columns:37% auto\"><figure class=\"wp-block-media-text__media\"><img decoding=\"async\" src=\"https:\/\/www.ms-leibnitz.at\/wp-content\/uploads\/2024\/05\/Icon-Website-EKM.tiff\" alt=\"\" class=\"wp-image-921 size-full\"\/><\/figure><div class=\"wp-block-media-text__content\">\n<p>Eltern-Kind-Musizieren<\/p>\n<\/div><\/div>\n<\/div>\n\n\n\n<div class=\"wp-block-column is-layout-flow wp-block-column-is-layout-flow\">\n<div class=\"wp-block-media-text is-stacked-on-mobile\" style=\"grid-template-columns:44% auto\"><figure class=\"wp-block-media-text__media\"><img decoding=\"async\" src=\"https:\/\/www.ms-leibnitz.at\/wp-content\/uploads\/2024\/05\/Icon-Website-Frueherziehung.tiff\" alt=\"\" class=\"wp-image-920 size-full\"\/><\/figure><div class=\"wp-block-media-text__content\">\n<p>Musikalische Fr\u00fcherziehung<\/p>\n<\/div><\/div>\n<\/div>\n\n\n\n<div class=\"wp-block-column is-layout-flow wp-block-column-is-layout-flow\">\n<div class=\"wp-block-media-text is-stacked-on-mobile\" style=\"grid-template-columns:15% auto\"><figure class=\"wp-block-media-text__media\"><img decoding=\"async\" src=\"https:\/\/www.ms-leibnitz.at\/wp-content\/uploads\/2024\/04\/Icon-Website-Chor.tiff\" alt=\"\" class=\"wp-image-907 size-full\"\/><\/figure><div class=\"wp-block-media-text__content\">\n<p>Chor Allegretto<\/p>\n<\/div><\/div>\n<\/div>\n\n\n\n<div class=\"wp-block-column is-layout-flow wp-block-column-is-layout-flow\">\n<div class=\"wp-block-media-text is-stacked-on-mobile\" style=\"grid-template-columns:38% auto\"><figure class=\"wp-block-media-text__media\"><img loading=\"lazy\" decoding=\"async\" width=\"1024\" height=\"1024\" src=\"https:\/\/www.ms-leibnitz.at\/wp-content\/uploads\/2025\/09\/Icon-Website-Kids-dance-AdobeStock_437335733-1024x1024.jpg\" alt=\"\" class=\"wp-image-1589 size-full\" srcset=\"https:\/\/www.ms-leibnitz.at\/wp-content\/uploads\/2025\/09\/Icon-Website-Kids-dance-AdobeStock_437335733-1024x1024.jpg 1024w, https:\/\/www.ms-leibnitz.at\/wp-content\/uploads\/2025\/09\/Icon-Website-Kids-dance-AdobeStock_437335733-300x300.jpg 300w, https:\/\/www.ms-leibnitz.at\/wp-content\/uploads\/2025\/09\/Icon-Website-Kids-dance-AdobeStock_437335733-150x150.jpg 150w, https:\/\/www.ms-leibnitz.at\/wp-content\/uploads\/2025\/09\/Icon-Website-Kids-dance-AdobeStock_437335733-768x768.jpg 768w, https:\/\/www.ms-leibnitz.at\/wp-content\/uploads\/2025\/09\/Icon-Website-Kids-dance-AdobeStock_437335733-1536x1536.jpg 1536w, https:\/\/www.ms-leibnitz.at\/wp-content\/uploads\/2025\/09\/Icon-Website-Kids-dance-AdobeStock_437335733-2048x2048.jpg 2048w\" sizes=\"auto, (max-width: 1024px) 100vw, 1024px\" \/><\/figure><div class=\"wp-block-media-text__content\">\n<p>Kids Dance<\/p>\n<\/div><\/div>\n<\/div>\n<\/div>\n\n\n\n<h2 class=\"wp-block-heading\">Erg\u00e4nzungsf\u00e4cher (Auswahl):<\/h2>\n\n\n\n<ul class=\"wp-block-list\">\n<li>Akkordeon und Keyboard-Ensemble<\/li>\n\n\n\n<li>Big Band Franz-Koringer-Musikschule<\/li>\n\n\n\n<li>Blockfl\u00f6ten Ensemble<\/li>\n\n\n\n<li>Blechbl\u00e4serensemble<\/li>\n\n\n\n<li>Chor Allegretto<\/li>\n\n\n\n<li>Geigenchor<\/li>\n\n\n\n<li>Gitarren &#8211; Ensemble<\/li>\n\n\n\n<li>Jazz\/Pop\/Rock Ensemble 2<\/li>\n\n\n\n<li>Jugendblasorchester<\/li>\n\n\n\n<li>Musikwerkstatt<\/li>\n\n\n\n<li>Perkussion-Orchester<\/li>\n\n\n\n<li>POP\/ROCK\/JAZZ Ensemble<\/li>\n\n\n\n<li>Querfl\u00f6tenensemble<\/li>\n\n\n\n<li>Symphonisches Orchester Leibnitz<\/li>\n\n\n\n<li>Streichorchester<\/li>\n\n\n\n<li>Theorie Musik ABC<\/li>\n\n\n\n<li>Theorie Musik h\u00f6ren und verstehen 1-3<\/li>\n\n\n\n<li>Vokalensemble<\/li>\n<\/ul>\n\n\n\n<p class=\"has-small-font-size\">Quelle Grafiken: adobe free stock<\/p>\n","protected":false},"excerpt":{"rendered":"<p>Instrumente\/Hauptf\u00e4cher: Akkordeon Blockfl\u00f6te E-Bass E-Gitarre Fl\u00fcgelhorn Gesang Gitarre Harfe Horn Keyboard Klarinette Klavier Posaune Querfl\u00f6te Saxophon Schlagzeug Steirische Harmonika Tenorhorn Trompete Tuba Violine Violoncello Kursf\u00e4cher: Eltern-Kind-Musizieren Musikalische Fr\u00fcherziehung Chor Allegretto [&hellip;]<\/p>\n","protected":false},"author":1,"featured_media":0,"parent":18,"menu_order":0,"comment_status":"closed","ping_status":"closed","template":"","meta":{"ngg_post_thumbnail":0,"_EventAllDay":false,"_EventTimezone":"","_EventStartDate":"","_EventEndDate":"","_EventStartDateUTC":"","_EventEndDateUTC":"","_EventShowMap":false,"_EventShowMapLink":false,"_EventURL":"","_EventCost":"","_EventCostDescription":"","_EventCurrencySymbol":"","_EventCurrencyCode":"","_EventCurrencyPosition":"","_EventDateTimeSeparator":"","_EventTimeRangeSeparator":"","_EventOrganizerID":[],"_EventVenueID":[],"_OrganizerEmail":"","_OrganizerPhone":"","_OrganizerWebsite":"","_VenueAddress":"","_VenueCity":"","_VenueCountry":"","_VenueProvince":"","_VenueState":"","_VenueZip":"","_VenuePhone":"","_VenueURL":"","_VenueStateProvince":"","_VenueLat":"","_VenueLng":"","_VenueShowMap":false,"_VenueShowMapLink":false,"footnotes":""},"class_list":["post-55","page","type-page","status-publish","hentry"],"blocksy_meta":[],"_links":{"self":[{"href":"https:\/\/www.ms-leibnitz.at\/index.php\/wp-json\/wp\/v2\/pages\/55","targetHints":{"allow":["GET"]}}],"collection":[{"href":"https:\/\/www.ms-leibnitz.at\/index.php\/wp-json\/wp\/v2\/pages"}],"about":[{"href":"https:\/\/www.ms-leibnitz.at\/index.php\/wp-json\/wp\/v2\/types\/page"}],"author":[{"embeddable":true,"href":"https:\/\/www.ms-leibnitz.at\/index.php\/wp-json\/wp\/v2\/users\/1"}],"replies":[{"embeddable":true,"href":"https:\/\/www.ms-leibnitz.at\/index.php\/wp-json\/wp\/v2\/comments?post=55"}],"version-history":[{"count":16,"href":"https:\/\/www.ms-leibnitz.at\/index.php\/wp-json\/wp\/v2\/pages\/55\/revisions"}],"predecessor-version":[{"id":1761,"href":"https:\/\/www.ms-leibnitz.at\/index.php\/wp-json\/wp\/v2\/pages\/55\/revisions\/1761"}],"up":[{"embeddable":true,"href":"https:\/\/www.ms-leibnitz.at\/index.php\/wp-json\/wp\/v2\/pages\/18"}],"wp:attachment":[{"href":"https:\/\/www.ms-leibnitz.at\/index.php\/wp-json\/wp\/v2\/media?parent=55"}],"curies":[{"name":"wp","href":"https:\/\/api.w.org\/{rel}","templated":true}]}}