{"id":400,"date":"2023-10-10T10:00:00","date_gmt":"2023-10-10T08:00:00","guid":{"rendered":"https:\/\/www.ms-leibnitz.at\/?page_id=400"},"modified":"2024-10-03T12:33:56","modified_gmt":"2024-10-03T10:33:56","slug":"impressum","status":"publish","type":"page","link":"https:\/\/www.ms-leibnitz.at\/index.php\/kontakt\/impressum\/","title":{"rendered":"Impressum"},"content":{"rendered":"\n<p><strong>Verantwortlicher Seitenbetreiber:<\/strong><br>Franz-Koringer Musikschule Leibnitz<br>Schulkennzahl: 610510<br><br><strong>Anschrift:<\/strong><br>Musikschule Leibnitz<br>Wagnastra\u00dfe 9<br>8430 Leibnitz<\/p>\n\n\n\n<p><strong>Telefon<\/strong><br>+43 (0)3452 82601<br><br><a href=\"mailto:direktion@ms-leibnitz.at\"><strong>E-Mail<\/strong><\/a><\/p>\n\n\n\n<p>direktion@ms-leibnitz.at<br><br><strong>Urheberrecht \/ Copyright:<\/strong><br>Vervielf\u00e4ltigungen, jeglicher Art der Inhalte dieses Internetangebotes, sind nur mit ausdr\u00fccklicher Zustimmung des Seitenbetreibers gestattet.<br><br><strong>Hinweis zu allen Verweisen \/ externe Links:<\/strong><br>Der Seitenbetreiber von\u00a0<a href=\"http:\/\/www.msleibnitz.at\/\" target=\"_blank\" rel=\"noreferrer noopener\">www.ms-leibnitz.at<\/a>\u00a0ist nicht f\u00fcr die Inhalte fremder Webseiten verantwortlich, die \u00fcber einen Verweis von dieser Webseite aus betreten werden k\u00f6nnen. Diese Erkl\u00e4rung betrifft auch Verweise, die von Seitenbenutzern selbst \u00fcber das Forum und\/oder das G\u00e4stebuch angebracht werden und nicht dieses Webangebot betreffen.<br><br><strong>Haftungsausschluss:<\/strong><br>Die Beitr\u00e4ge und Inhalte auf\u00a0<a href=\"http:\/\/www.msleibnitz.at\/\" target=\"_blank\" rel=\"noreferrer noopener\">www.ms-leibnitz.at<\/a>\u00a0werden sorgf\u00e4ltig recherchiert. Es wird keine Haftung f\u00fcr die Richtigkeit der zur Verf\u00fcgung gestellten Informationen und Inhalte \u00fcbernommen.<\/p>\n","protected":false},"excerpt":{"rendered":"<p>Verantwortlicher Seitenbetreiber:Franz-Koringer Musikschule LeibnitzSchulkennzahl: 610510 Anschrift:Musikschule LeibnitzWagnastra\u00dfe 98430 Leibnitz Telefon+43 (0)3452 82601 E-Mail direktion@ms-leibnitz.at Urheberrecht \/ Copyright:Vervielf\u00e4ltigungen, jeglicher Art der Inhalte dieses Internetangebotes, sind nur mit ausdr\u00fccklicher Zustimmung des Seitenbetreibers [&hellip;]<\/p>\n","protected":false},"author":1,"featured_media":0,"parent":31,"menu_order":0,"comment_status":"closed","ping_status":"closed","template":"","meta":{"ngg_post_thumbnail":0,"_EventAllDay":false,"_EventTimezone":"","_EventStartDate":"","_EventEndDate":"","_EventStartDateUTC":"","_EventEndDateUTC":"","_EventShowMap":false,"_EventShowMapLink":false,"_EventURL":"","_EventCost":"","_EventCostDescription":"","_EventCurrencySymbol":"","_EventCurrencyCode":"","_EventCurrencyPosition":"","_EventDateTimeSeparator":"","_EventTimeRangeSeparator":"","_EventOrganizerID":[],"_EventVenueID":[],"_OrganizerEmail":"","_OrganizerPhone":"","_OrganizerWebsite":"","_VenueAddress":"","_VenueCity":"","_VenueCountry":"","_VenueProvince":"","_VenueState":"","_VenueZip":"","_VenuePhone":"","_VenueURL":"","_VenueStateProvince":"","_VenueLat":"","_VenueLng":"","_VenueShowMap":false,"_VenueShowMapLink":false,"footnotes":""},"class_list":["post-400","page","type-page","status-publish","hentry"],"blocksy_meta":[],"_links":{"self":[{"href":"https:\/\/www.ms-leibnitz.at\/index.php\/wp-json\/wp\/v2\/pages\/400","targetHints":{"allow":["GET"]}}],"collection":[{"href":"https:\/\/www.ms-leibnitz.at\/index.php\/wp-json\/wp\/v2\/pages"}],"about":[{"href":"https:\/\/www.ms-leibnitz.at\/index.php\/wp-json\/wp\/v2\/types\/page"}],"author":[{"embeddable":true,"href":"https:\/\/www.ms-leibnitz.at\/index.php\/wp-json\/wp\/v2\/users\/1"}],"replies":[{"embeddable":true,"href":"https:\/\/www.ms-leibnitz.at\/index.php\/wp-json\/wp\/v2\/comments?post=400"}],"version-history":[{"count":10,"href":"https:\/\/www.ms-leibnitz.at\/index.php\/wp-json\/wp\/v2\/pages\/400\/revisions"}],"predecessor-version":[{"id":1278,"href":"https:\/\/www.ms-leibnitz.at\/index.php\/wp-json\/wp\/v2\/pages\/400\/revisions\/1278"}],"up":[{"embeddable":true,"href":"https:\/\/www.ms-leibnitz.at\/index.php\/wp-json\/wp\/v2\/pages\/31"}],"wp:attachment":[{"href":"https:\/\/www.ms-leibnitz.at\/index.php\/wp-json\/wp\/v2\/media?parent=400"}],"curies":[{"name":"wp","href":"https:\/\/api.w.org\/{rel}","templated":true}]}}