{"id":29,"date":"2023-10-10T10:00:00","date_gmt":"2023-10-10T08:00:00","guid":{"rendered":"https:\/\/www.ms-leibnitz.at\/?page_id=29"},"modified":"2024-09-12T09:00:16","modified_gmt":"2024-09-12T07:00:16","slug":"links","status":"publish","type":"page","link":"https:\/\/www.ms-leibnitz.at\/index.php\/links\/","title":{"rendered":"Links"},"content":{"rendered":"\n<p><strong>In eigener Sache:<\/strong><br><a href=\"https:\/\/www.google.at\/maps\/search\/%22Wagnastra\u00dfe 9, 8430 Leibnitz%22\" target=\"_blank\" rel=\"noreferrer noopener\">Anfahrt zur Musikschule (Google Maps)<\/a><br><a href=\"https:\/\/www.youtube.com\/channel\/UC1tB8juyFKZo3C7J1KtAQQQ\" target=\"_blank\" rel=\"noreferrer noopener\">YouTube Kanal der Musikschule<\/a><\/p>\n\n\n\n<p><strong><strong>Tr\u00e4gergemeinde:<\/strong><\/strong><br><a href=\"http:\/\/www.leibnitz.at\/\" target=\"_blank\" rel=\"noreferrer noopener\">Stadtgemeinde Leibnitz<\/a><\/p>\n\n\n\n<p><strong><strong>Partner<\/strong>:<\/strong><br><a href=\"http:\/\/www.sol-leibnitz.at\/\" target=\"_blank\" rel=\"noreferrer noopener\">Symphonisches Orchester Leibnitz (SOL)<\/a><br><a href=\"http:\/\/www.blasmusik-leibnitz.at\/\" target=\"_blank\" rel=\"noreferrer noopener\">Blasmusik Bezirksleitung Leibnitz<\/a><\/p>\n\n\n\n<p><strong><strong>Blasmusikverb\u00e4nde:<\/strong><\/strong><br><a href=\"http:\/\/www.blasmusik-leibnitz.at\/\" target=\"_blank\" rel=\"noreferrer noopener\">Blasmusik Bezirksleitung Leibnitz<\/a><br><a href=\"http:\/\/www.blasmusik-verband.at\/\" target=\"_blank\" rel=\"noreferrer noopener\">Steirischer Blasmusikverband<\/a><br><a href=\"http:\/\/www.blasmusik.at\/\" target=\"_blank\" rel=\"noreferrer noopener\">\u00d6sterreichischer Blasmusikverband<\/a><br><a href=\"http:\/\/www.winds4you.at\/\" target=\"_blank\" rel=\"noreferrer noopener\">\u00d6sterreichische Blasmusikjugend<\/a><br><strong><br><strong>Sonstige Links:<\/strong><\/strong><br><a href=\"http:\/\/www.komu.at\/\" target=\"_blank\" rel=\"noreferrer noopener\">KOMU &#8211; Konferenz der \u00f6sterreichischen Musikschulwerke<\/a><br><a href=\"https:\/\/www.musikschulservice.steiermark.at\" target=\"_blank\" rel=\"noreferrer noopener\">Musikschulservice Steiermark<\/a><br><a href=\"http:\/\/www.musiklehre.at\/\" target=\"_blank\" rel=\"noreferrer noopener\">Allgemeine Musiklehre<\/a><br><a href=\"http:\/\/www.lehrklaenge.de\/\" target=\"_blank\" rel=\"noreferrer noopener\">Online Lehrgang f\u00fcr Musiktheorie<\/a><br><a href=\"http:\/\/www.kug.ac.at\/\" target=\"_blank\" rel=\"noreferrer noopener\">Universit\u00e4t f\u00fcr Musik und darstellende Kunst Graz<\/a><br><a href=\"http:\/\/www.musikderjugend.at\/\" target=\"_blank\" rel=\"noreferrer noopener\">Musik der Jugend (prima la musica)<\/a><\/p>\n","protected":false},"excerpt":{"rendered":"<p>In eigener Sache:Anfahrt zur Musikschule (Google Maps)YouTube Kanal der Musikschule Tr\u00e4gergemeinde:Stadtgemeinde Leibnitz Partner:Symphonisches Orchester Leibnitz (SOL)Blasmusik Bezirksleitung Leibnitz Blasmusikverb\u00e4nde:Blasmusik Bezirksleitung LeibnitzSteirischer Blasmusikverband\u00d6sterreichischer Blasmusikverband\u00d6sterreichische BlasmusikjugendSonstige Links:KOMU &#8211; Konferenz der \u00f6sterreichischen MusikschulwerkeMusikschulservice [&hellip;]<\/p>\n","protected":false},"author":1,"featured_media":0,"parent":0,"menu_order":0,"comment_status":"closed","ping_status":"closed","template":"","meta":{"ngg_post_thumbnail":0,"_EventAllDay":false,"_EventTimezone":"","_EventStartDate":"","_EventEndDate":"","_EventStartDateUTC":"","_EventEndDateUTC":"","_EventShowMap":false,"_EventShowMapLink":false,"_EventURL":"","_EventCost":"","_EventCostDescription":"","_EventCurrencySymbol":"","_EventCurrencyCode":"","_EventCurrencyPosition":"","_EventDateTimeSeparator":"","_EventTimeRangeSeparator":"","_EventOrganizerID":[],"_EventVenueID":[],"_OrganizerEmail":"","_OrganizerPhone":"","_OrganizerWebsite":"","_VenueAddress":"","_VenueCity":"","_VenueCountry":"","_VenueProvince":"","_VenueState":"","_VenueZip":"","_VenuePhone":"","_VenueURL":"","_VenueStateProvince":"","_VenueLat":"","_VenueLng":"","_VenueShowMap":false,"_VenueShowMapLink":false,"footnotes":""},"class_list":["post-29","page","type-page","status-publish","hentry"],"blocksy_meta":[],"_links":{"self":[{"href":"https:\/\/www.ms-leibnitz.at\/index.php\/wp-json\/wp\/v2\/pages\/29","targetHints":{"allow":["GET"]}}],"collection":[{"href":"https:\/\/www.ms-leibnitz.at\/index.php\/wp-json\/wp\/v2\/pages"}],"about":[{"href":"https:\/\/www.ms-leibnitz.at\/index.php\/wp-json\/wp\/v2\/types\/page"}],"author":[{"embeddable":true,"href":"https:\/\/www.ms-leibnitz.at\/index.php\/wp-json\/wp\/v2\/users\/1"}],"replies":[{"embeddable":true,"href":"https:\/\/www.ms-leibnitz.at\/index.php\/wp-json\/wp\/v2\/comments?post=29"}],"version-history":[{"count":13,"href":"https:\/\/www.ms-leibnitz.at\/index.php\/wp-json\/wp\/v2\/pages\/29\/revisions"}],"predecessor-version":[{"id":1252,"href":"https:\/\/www.ms-leibnitz.at\/index.php\/wp-json\/wp\/v2\/pages\/29\/revisions\/1252"}],"wp:attachment":[{"href":"https:\/\/www.ms-leibnitz.at\/index.php\/wp-json\/wp\/v2\/media?parent=29"}],"curies":[{"name":"wp","href":"https:\/\/api.w.org\/{rel}","templated":true}]}}