{"id":27,"date":"2023-10-10T10:00:00","date_gmt":"2023-10-10T08:00:00","guid":{"rendered":"https:\/\/www.ms-leibnitz.at\/?page_id=27"},"modified":"2025-12-04T14:29:30","modified_gmt":"2025-12-04T12:29:30","slug":"downloads","status":"publish","type":"page","link":"https:\/\/www.ms-leibnitz.at\/index.php\/downloads\/","title":{"rendered":"Downloads"},"content":{"rendered":"\n<p><a href=\"https:\/\/www.ms-leibnitz.at\/index.php\/downloads\/jahresberichte\/\">Jahresberichte<\/a><br><a href=\"https:\/\/www.ms-leibnitz.at\/index.php\/downloads\/formulare-zum-schulbeginn\/\">Formulare zum Schulbeginn<\/a><br><a href=\"https:\/\/www.ms-leibnitz.at\/index.php\/downloads\/elementare-musiklehre\/\">Elementare Musiklehre<\/a><br><a href=\"https:\/\/www.ms-leibnitz.at\/index.php\/downloads\/allgemeine-musiklehre\/\">Allgemeine Musiklehre<\/a><br><a href=\"https:\/\/www.ms-leibnitz.at\/index.php\/downloads\/musikkunde\/\">Musiklehre und \u00dcbungstests<\/a><\/p>\n\n\n\n<p><a href=\"https:\/\/www.ms-leibnitz.at\/wp-content\/uploads\/2025\/12\/Notenpapier_EinSystemOhneSchluessel.pdf\" data-type=\"attachment\" data-id=\"1700\">Notenpapier (ein System ohne Schl\u00fcssel)<\/a><br><a href=\"https:\/\/www.ms-leibnitz.at\/wp-content\/uploads\/2025\/12\/Notenpapier_ZweiSystemeBassUndViolinschluessel.pdf\" data-type=\"attachment\" data-id=\"1701\" target=\"_blank\" rel=\"noreferrer noopener\">Notenpapier (zwei Systeme, Bass- und Violinschl\u00fcssel)<\/a><br><a href=\"https:\/\/www.ms-leibnitz.at\/wp-content\/uploads\/2025\/12\/Notenpapier_DreiSystemeOhneSchluessel.pdf\" data-type=\"attachment\" data-id=\"1699\" target=\"_blank\" rel=\"noreferrer noopener\">Notenpapier (drei Systeme, ohne Schl\u00fcssel)<\/a><\/p>\n\n\n\n<p><\/p>\n","protected":false},"excerpt":{"rendered":"<p>JahresberichteFormulare zum SchulbeginnElementare MusiklehreAllgemeine MusiklehreMusiklehre und \u00dcbungstests Notenpapier (ein System ohne Schl\u00fcssel)Notenpapier (zwei Systeme, Bass- und Violinschl\u00fcssel)Notenpapier (drei Systeme, ohne Schl\u00fcssel)<\/p>\n","protected":false},"author":1,"featured_media":0,"parent":0,"menu_order":0,"comment_status":"closed","ping_status":"closed","template":"","meta":{"ngg_post_thumbnail":0,"_EventAllDay":false,"_EventTimezone":"","_EventStartDate":"","_EventEndDate":"","_EventStartDateUTC":"","_EventEndDateUTC":"","_EventShowMap":false,"_EventShowMapLink":false,"_EventURL":"","_EventCost":"","_EventCostDescription":"","_EventCurrencySymbol":"","_EventCurrencyCode":"","_EventCurrencyPosition":"","_EventDateTimeSeparator":"","_EventTimeRangeSeparator":"","_EventOrganizerID":[],"_EventVenueID":[],"_OrganizerEmail":"","_OrganizerPhone":"","_OrganizerWebsite":"","_VenueAddress":"","_VenueCity":"","_VenueCountry":"","_VenueProvince":"","_VenueState":"","_VenueZip":"","_VenuePhone":"","_VenueURL":"","_VenueStateProvince":"","_VenueLat":"","_VenueLng":"","_VenueShowMap":false,"_VenueShowMapLink":false,"footnotes":""},"class_list":["post-27","page","type-page","status-publish","hentry"],"blocksy_meta":[],"_links":{"self":[{"href":"https:\/\/www.ms-leibnitz.at\/index.php\/wp-json\/wp\/v2\/pages\/27","targetHints":{"allow":["GET"]}}],"collection":[{"href":"https:\/\/www.ms-leibnitz.at\/index.php\/wp-json\/wp\/v2\/pages"}],"about":[{"href":"https:\/\/www.ms-leibnitz.at\/index.php\/wp-json\/wp\/v2\/types\/page"}],"author":[{"embeddable":true,"href":"https:\/\/www.ms-leibnitz.at\/index.php\/wp-json\/wp\/v2\/users\/1"}],"replies":[{"embeddable":true,"href":"https:\/\/www.ms-leibnitz.at\/index.php\/wp-json\/wp\/v2\/comments?post=27"}],"version-history":[{"count":16,"href":"https:\/\/www.ms-leibnitz.at\/index.php\/wp-json\/wp\/v2\/pages\/27\/revisions"}],"predecessor-version":[{"id":1703,"href":"https:\/\/www.ms-leibnitz.at\/index.php\/wp-json\/wp\/v2\/pages\/27\/revisions\/1703"}],"wp:attachment":[{"href":"https:\/\/www.ms-leibnitz.at\/index.php\/wp-json\/wp\/v2\/media?parent=27"}],"curies":[{"name":"wp","href":"https:\/\/api.w.org\/{rel}","templated":true}]}}