{"id":238,"date":"2023-10-10T10:00:00","date_gmt":"2023-10-10T08:00:00","guid":{"rendered":"https:\/\/www.ms-leibnitz.at\/?page_id=238"},"modified":"2023-10-17T12:09:53","modified_gmt":"2023-10-17T10:09:53","slug":"musikkunde","status":"publish","type":"page","link":"https:\/\/www.ms-leibnitz.at\/index.php\/downloads\/musikkunde\/","title":{"rendered":"Musik h\u00f6ren und verstehen &#8211; Haus\u00fcbungen"},"content":{"rendered":"\n<p><strong>MHV 1<\/strong><br><a rel=\"noreferrer noopener\" href=\"https:\/\/www.ms-leibnitz.at\/wp-content\/uploads\/2023\/10\/MK1_HU_01.pdf\" target=\"_blank\">Haus\u00fcbung 1<\/a><br><a rel=\"noreferrer noopener\" href=\"https:\/\/www.ms-leibnitz.at\/wp-content\/uploads\/2023\/10\/MK1_HU_02.pdf\" target=\"_blank\">Haus\u00fcbung 2<\/a><br><a rel=\"noreferrer noopener\" href=\"https:\/\/www.ms-leibnitz.at\/wp-content\/uploads\/2023\/10\/MK1_HU_03.pdf\" target=\"_blank\">Haus\u00fcbung 3<\/a><br><a rel=\"noreferrer noopener\" href=\"https:\/\/www.ms-leibnitz.at\/wp-content\/uploads\/2023\/10\/MK1_HU_04.pdf\" target=\"_blank\">Haus\u00fcbung 4<\/a><br><a rel=\"noreferrer noopener\" href=\"https:\/\/www.ms-leibnitz.at\/wp-content\/uploads\/2023\/10\/MK1_HU_05.pdf\" target=\"_blank\">Haus\u00fcbung 5<\/a><br><a rel=\"noreferrer noopener\" href=\"https:\/\/www.ms-leibnitz.at\/wp-content\/uploads\/2023\/10\/MK1_HU_06.pdf\" target=\"_blank\">Haus\u00fcbung 6<\/a><br><a rel=\"noreferrer noopener\" href=\"https:\/\/www.ms-leibnitz.at\/wp-content\/uploads\/2023\/10\/MK1_HU_07.pdf\" target=\"_blank\">Haus\u00fcbung 7<\/a><br><a rel=\"noreferrer noopener\" href=\"https:\/\/www.ms-leibnitz.at\/wp-content\/uploads\/2023\/10\/MK1_HU_08.pdf\" target=\"_blank\">Haus\u00fcbung 8<\/a><br><a rel=\"noreferrer noopener\" href=\"https:\/\/www.ms-leibnitz.at\/wp-content\/uploads\/2023\/10\/MK1_HU_09.pdf\" target=\"_blank\">Haus\u00fcbung 9<\/a><br><\/p>\n\n\n\n<p><strong>MHV 2<\/strong><br><a rel=\"noreferrer noopener\" href=\"https:\/\/www.ms-leibnitz.at\/wp-content\/uploads\/2023\/10\/MK2_HU_01.pdf\" target=\"_blank\">Haus\u00fcbung 1<\/a><br><a rel=\"noreferrer noopener\" href=\"https:\/\/www.ms-leibnitz.at\/wp-content\/uploads\/2023\/10\/MK2_HU_02.pdf\" target=\"_blank\">Haus\u00fcbung 2<\/a><br><a rel=\"noreferrer noopener\" href=\"https:\/\/www.ms-leibnitz.at\/wp-content\/uploads\/2023\/10\/MK2_HU_03.pdf\" target=\"_blank\">Haus\u00fcbung 3<\/a><br><a rel=\"noreferrer noopener\" href=\"https:\/\/www.ms-leibnitz.at\/wp-content\/uploads\/2023\/10\/MK2_HU_04.pdf\" target=\"_blank\">Haus\u00fcbung 4<\/a><br><a rel=\"noreferrer noopener\" href=\"https:\/\/www.ms-leibnitz.at\/wp-content\/uploads\/2023\/10\/MK2_HU_05.pdf\" target=\"_blank\">Haus\u00fcbung 5<\/a><br><a rel=\"noreferrer noopener\" href=\"https:\/\/www.ms-leibnitz.at\/wp-content\/uploads\/2023\/10\/MK2_HU_06.pdf\" target=\"_blank\">Haus\u00fcbung 6<\/a><br><a rel=\"noreferrer noopener\" href=\"https:\/\/www.ms-leibnitz.at\/wp-content\/uploads\/2023\/10\/MK2_HU_07.pdf\" target=\"_blank\">Haus\u00fcbung 7<\/a><br><a rel=\"noreferrer noopener\" href=\"https:\/\/www.ms-leibnitz.at\/wp-content\/uploads\/2023\/10\/MK2_HU_08.pdf\" target=\"_blank\">Haus\u00fcbung 8<\/a><br><a rel=\"noreferrer noopener\" href=\"https:\/\/www.ms-leibnitz.at\/wp-content\/uploads\/2023\/10\/MK2_HU_09.pdf\" target=\"_blank\">Haus\u00fcbung 9<\/a><br><a rel=\"noreferrer noopener\" href=\"https:\/\/www.ms-leibnitz.at\/wp-content\/uploads\/2023\/10\/MK2_HU_10.pdf\" target=\"_blank\">Haus\u00fcbung 10<\/a><br><a rel=\"noreferrer noopener\" href=\"https:\/\/www.ms-leibnitz.at\/wp-content\/uploads\/2023\/10\/MK2_HU_11.pdf\" target=\"_blank\">Haus\u00fcbung 11<\/a><br><a rel=\"noreferrer noopener\" href=\"https:\/\/www.ms-leibnitz.at\/wp-content\/uploads\/2023\/10\/MK2_HU_12.pdf\" target=\"_blank\">Haus\u00fcbung 12<\/a><br><a rel=\"noreferrer noopener\" href=\"https:\/\/www.ms-leibnitz.at\/wp-content\/uploads\/2023\/10\/MK2_HU_13.pdf\" target=\"_blank\">Haus\u00fcbung 13<\/a><br><a rel=\"noreferrer noopener\" href=\"https:\/\/www.ms-leibnitz.at\/wp-content\/uploads\/2023\/10\/MK2_HU_14.pdf\" target=\"_blank\">Haus\u00fcbung 14<\/a><br><a rel=\"noreferrer noopener\" href=\"https:\/\/www.ms-leibnitz.at\/wp-content\/uploads\/2023\/10\/MK2_HU_15.pdf\" target=\"_blank\">Haus\u00fcbung 15<\/a><br><a rel=\"noreferrer noopener\" href=\"https:\/\/www.ms-leibnitz.at\/wp-content\/uploads\/2023\/10\/MK2_HU_16.pdf\" target=\"_blank\">Haus\u00fcbung 16<\/a><br><\/p>\n\n\n\n<p><strong>MHV3<\/strong><br><a rel=\"noreferrer noopener\" href=\"https:\/\/www.ms-leibnitz.at\/wp-content\/uploads\/2023\/10\/MK3_HU_01.pdf\" target=\"_blank\">Haus\u00fcbung 1<\/a><br><a rel=\"noreferrer noopener\" href=\"https:\/\/www.ms-leibnitz.at\/wp-content\/uploads\/2023\/10\/MK3_HU_02.pdf\" target=\"_blank\">Haus\u00fcbung 2<\/a><br><a rel=\"noreferrer noopener\" href=\"https:\/\/www.ms-leibnitz.at\/wp-content\/uploads\/2023\/10\/MK3_HU_03.pdf\" target=\"_blank\">Haus\u00fcbung 3<\/a><br><a rel=\"noreferrer noopener\" href=\"https:\/\/www.ms-leibnitz.at\/wp-content\/uploads\/2023\/10\/MK3_HU_04.pdf\" target=\"_blank\">Haus\u00fcbung 4<\/a><br><a rel=\"noreferrer noopener\" href=\"https:\/\/www.ms-leibnitz.at\/wp-content\/uploads\/2023\/10\/MK3_HU_05.pdf\" target=\"_blank\">Haus\u00fcbung 5<\/a><br><a rel=\"noreferrer noopener\" href=\"https:\/\/www.ms-leibnitz.at\/wp-content\/uploads\/2023\/10\/MK3_HU_06.pdf\" target=\"_blank\">Haus\u00fcbung 6<\/a><br><a rel=\"noreferrer noopener\" href=\"https:\/\/www.ms-leibnitz.at\/wp-content\/uploads\/2023\/10\/MK3_HU_07.pdf\" target=\"_blank\">Haus\u00fcbung 7<\/a><br><a rel=\"noreferrer noopener\" href=\"https:\/\/www.ms-leibnitz.at\/wp-content\/uploads\/2023\/10\/MK3_HU_08.pdf\" target=\"_blank\">Haus\u00fcbung 8<\/a><br><a rel=\"noreferrer noopener\" href=\"https:\/\/www.ms-leibnitz.at\/wp-content\/uploads\/2023\/10\/MK3_HU_09.pdf\" target=\"_blank\">Haus\u00fcbung 9<\/a><br><a rel=\"noreferrer noopener\" href=\"https:\/\/www.ms-leibnitz.at\/wp-content\/uploads\/2023\/10\/MK3_HU_10.pdf\" target=\"_blank\">Haus\u00fcbung 10<\/a><br><a rel=\"noreferrer noopener\" href=\"https:\/\/www.ms-leibnitz.at\/wp-content\/uploads\/2023\/10\/MK3_HU_11.pdf\" target=\"_blank\">Haus\u00fcbung 11<\/a><br><a rel=\"noreferrer noopener\" href=\"https:\/\/www.ms-leibnitz.at\/wp-content\/uploads\/2023\/10\/MK3_HU_12.pdf\" target=\"_blank\">Haus\u00fcbung 12<\/a><br><a rel=\"noreferrer noopener\" href=\"https:\/\/www.ms-leibnitz.at\/wp-content\/uploads\/2023\/10\/MK3_HU_13.pdf\" target=\"_blank\">Haus\u00fcbung 13<\/a><br><a rel=\"noreferrer noopener\" href=\"https:\/\/www.ms-leibnitz.at\/wp-content\/uploads\/2023\/10\/MK3_HU_14.pdf\" target=\"_blank\">Haus\u00fcbung 14<\/a><br><a rel=\"noreferrer noopener\" href=\"https:\/\/www.ms-leibnitz.at\/wp-content\/uploads\/2023\/10\/MK3_HU_15.pdf\" target=\"_blank\">Haus\u00fcbung 15<\/a><br><a rel=\"noreferrer noopener\" href=\"https:\/\/www.ms-leibnitz.at\/wp-content\/uploads\/2023\/10\/MK3_HU_16.pdf\" target=\"_blank\">Haus\u00fcbung 16<\/a><br><\/p>\n","protected":false},"excerpt":{"rendered":"<p>MHV 1Haus\u00fcbung 1Haus\u00fcbung 2Haus\u00fcbung 3Haus\u00fcbung 4Haus\u00fcbung 5Haus\u00fcbung 6Haus\u00fcbung 7Haus\u00fcbung 8Haus\u00fcbung 9 MHV 2Haus\u00fcbung 1Haus\u00fcbung 2Haus\u00fcbung 3Haus\u00fcbung 4Haus\u00fcbung 5Haus\u00fcbung 6Haus\u00fcbung 7Haus\u00fcbung 8Haus\u00fcbung 9Haus\u00fcbung 10Haus\u00fcbung 11Haus\u00fcbung 12Haus\u00fcbung 13Haus\u00fcbung 14Haus\u00fcbung 15Haus\u00fcbung 16 MHV3Haus\u00fcbung [&hellip;]<\/p>\n","protected":false},"author":1,"featured_media":0,"parent":27,"menu_order":0,"comment_status":"closed","ping_status":"closed","template":"","meta":{"ngg_post_thumbnail":0,"_EventAllDay":false,"_EventTimezone":"","_EventStartDate":"","_EventEndDate":"","_EventStartDateUTC":"","_EventEndDateUTC":"","_EventShowMap":false,"_EventShowMapLink":false,"_EventURL":"","_EventCost":"","_EventCostDescription":"","_EventCurrencySymbol":"","_EventCurrencyCode":"","_EventCurrencyPosition":"","_EventDateTimeSeparator":"","_EventTimeRangeSeparator":"","_EventOrganizerID":[],"_EventVenueID":[],"_OrganizerEmail":"","_OrganizerPhone":"","_OrganizerWebsite":"","_VenueAddress":"","_VenueCity":"","_VenueCountry":"","_VenueProvince":"","_VenueState":"","_VenueZip":"","_VenuePhone":"","_VenueURL":"","_VenueStateProvince":"","_VenueLat":"","_VenueLng":"","_VenueShowMap":false,"_VenueShowMapLink":false,"footnotes":""},"class_list":["post-238","page","type-page","status-publish","hentry"],"blocksy_meta":[],"_links":{"self":[{"href":"https:\/\/www.ms-leibnitz.at\/index.php\/wp-json\/wp\/v2\/pages\/238","targetHints":{"allow":["GET"]}}],"collection":[{"href":"https:\/\/www.ms-leibnitz.at\/index.php\/wp-json\/wp\/v2\/pages"}],"about":[{"href":"https:\/\/www.ms-leibnitz.at\/index.php\/wp-json\/wp\/v2\/types\/page"}],"author":[{"embeddable":true,"href":"https:\/\/www.ms-leibnitz.at\/index.php\/wp-json\/wp\/v2\/users\/1"}],"replies":[{"embeddable":true,"href":"https:\/\/www.ms-leibnitz.at\/index.php\/wp-json\/wp\/v2\/comments?post=238"}],"version-history":[{"count":15,"href":"https:\/\/www.ms-leibnitz.at\/index.php\/wp-json\/wp\/v2\/pages\/238\/revisions"}],"predecessor-version":[{"id":547,"href":"https:\/\/www.ms-leibnitz.at\/index.php\/wp-json\/wp\/v2\/pages\/238\/revisions\/547"}],"up":[{"embeddable":true,"href":"https:\/\/www.ms-leibnitz.at\/index.php\/wp-json\/wp\/v2\/pages\/27"}],"wp:attachment":[{"href":"https:\/\/www.ms-leibnitz.at\/index.php\/wp-json\/wp\/v2\/media?parent=238"}],"curies":[{"name":"wp","href":"https:\/\/api.w.org\/{rel}","templated":true}]}}