{"id":236,"date":"2023-10-10T10:00:00","date_gmt":"2023-10-10T08:00:00","guid":{"rendered":"https:\/\/www.ms-leibnitz.at\/?page_id=236"},"modified":"2023-10-17T12:10:07","modified_gmt":"2023-10-17T10:10:07","slug":"allgemeine-musiklehre","status":"publish","type":"page","link":"https:\/\/www.ms-leibnitz.at\/index.php\/downloads\/allgemeine-musiklehre\/","title":{"rendered":"Musik-ABC &#8211; Haus\u00fcbungen"},"content":{"rendered":"\n<p> <a href=\"https:\/\/www.ms-leibnitz.at\/wp-content\/uploads\/2023\/10\/AML_HU_01.pdf\" target=\"_blank\" rel=\"noreferrer noopener\">Haus\u00fcbungen 1<\/a><br> <a href=\"https:\/\/www.ms-leibnitz.at\/wp-content\/uploads\/2023\/10\/AML_HU_02.pdf\" target=\"_blank\" rel=\"noreferrer noopener\">Haus\u00fcbungen 2<\/a><br> <a href=\"https:\/\/www.ms-leibnitz.at\/wp-content\/uploads\/2023\/10\/AML_HU_03.pdf\" target=\"_blank\" rel=\"noreferrer noopener\">Haus\u00fcbungen 3<\/a><br> <a href=\"https:\/\/www.ms-leibnitz.at\/wp-content\/uploads\/2023\/10\/AML_HU_04.pdf\" target=\"_blank\" rel=\"noreferrer noopener\">Haus\u00fcbungen 4<\/a><br> <a href=\"https:\/\/www.ms-leibnitz.at\/wp-content\/uploads\/2023\/10\/AML_HU_05.pdf\" target=\"_blank\" rel=\"noreferrer noopener\">Haus\u00fcbungen 5<\/a><br> <a href=\"https:\/\/www.ms-leibnitz.at\/wp-content\/uploads\/2023\/10\/AML_HU_06.pdf\" target=\"_blank\" rel=\"noreferrer noopener\">Haus\u00fcbungen 6<\/a><br> <a href=\"https:\/\/www.ms-leibnitz.at\/wp-content\/uploads\/2023\/10\/AML_HU_07.pdf\" target=\"_blank\" rel=\"noreferrer noopener\">Haus\u00fcbungen 7<\/a><br> <a href=\"https:\/\/www.ms-leibnitz.at\/wp-content\/uploads\/2023\/10\/AML_HU_08.pdf\" target=\"_blank\" rel=\"noreferrer noopener\">Haus\u00fcbungen 8<\/a><br> <a href=\"https:\/\/www.ms-leibnitz.at\/wp-content\/uploads\/2023\/10\/AML_HU_09.pdf\" target=\"_blank\" rel=\"noreferrer noopener\">Haus\u00fcbungen 9<\/a><br> <\/p>\n","protected":false},"excerpt":{"rendered":"<p>Haus\u00fcbungen 1 Haus\u00fcbungen 2 Haus\u00fcbungen 3 Haus\u00fcbungen 4 Haus\u00fcbungen 5 Haus\u00fcbungen 6 Haus\u00fcbungen 7 Haus\u00fcbungen 8 Haus\u00fcbungen 9<\/p>\n","protected":false},"author":1,"featured_media":0,"parent":27,"menu_order":0,"comment_status":"closed","ping_status":"closed","template":"","meta":{"ngg_post_thumbnail":0,"_EventAllDay":false,"_EventTimezone":"","_EventStartDate":"","_EventEndDate":"","_EventStartDateUTC":"","_EventEndDateUTC":"","_EventShowMap":false,"_EventShowMapLink":false,"_EventURL":"","_EventCost":"","_EventCostDescription":"","_EventCurrencySymbol":"","_EventCurrencyCode":"","_EventCurrencyPosition":"","_EventDateTimeSeparator":"","_EventTimeRangeSeparator":"","_EventOrganizerID":[],"_EventVenueID":[],"_OrganizerEmail":"","_OrganizerPhone":"","_OrganizerWebsite":"","_VenueAddress":"","_VenueCity":"","_VenueCountry":"","_VenueProvince":"","_VenueState":"","_VenueZip":"","_VenuePhone":"","_VenueURL":"","_VenueStateProvince":"","_VenueLat":"","_VenueLng":"","_VenueShowMap":false,"_VenueShowMapLink":false,"footnotes":""},"class_list":["post-236","page","type-page","status-publish","hentry"],"blocksy_meta":[],"_links":{"self":[{"href":"https:\/\/www.ms-leibnitz.at\/index.php\/wp-json\/wp\/v2\/pages\/236","targetHints":{"allow":["GET"]}}],"collection":[{"href":"https:\/\/www.ms-leibnitz.at\/index.php\/wp-json\/wp\/v2\/pages"}],"about":[{"href":"https:\/\/www.ms-leibnitz.at\/index.php\/wp-json\/wp\/v2\/types\/page"}],"author":[{"embeddable":true,"href":"https:\/\/www.ms-leibnitz.at\/index.php\/wp-json\/wp\/v2\/users\/1"}],"replies":[{"embeddable":true,"href":"https:\/\/www.ms-leibnitz.at\/index.php\/wp-json\/wp\/v2\/comments?post=236"}],"version-history":[{"count":11,"href":"https:\/\/www.ms-leibnitz.at\/index.php\/wp-json\/wp\/v2\/pages\/236\/revisions"}],"predecessor-version":[{"id":548,"href":"https:\/\/www.ms-leibnitz.at\/index.php\/wp-json\/wp\/v2\/pages\/236\/revisions\/548"}],"up":[{"embeddable":true,"href":"https:\/\/www.ms-leibnitz.at\/index.php\/wp-json\/wp\/v2\/pages\/27"}],"wp:attachment":[{"href":"https:\/\/www.ms-leibnitz.at\/index.php\/wp-json\/wp\/v2\/media?parent=236"}],"curies":[{"name":"wp","href":"https:\/\/api.w.org\/{rel}","templated":true}]}}