{"id":234,"date":"2023-10-10T10:00:00","date_gmt":"2023-10-10T08:00:00","guid":{"rendered":"https:\/\/www.ms-leibnitz.at\/?page_id=234"},"modified":"2023-11-20T13:46:53","modified_gmt":"2023-11-20T11:46:53","slug":"elementare-musiklehre","status":"publish","type":"page","link":"https:\/\/www.ms-leibnitz.at\/index.php\/downloads\/elementare-musiklehre\/","title":{"rendered":"Elementare Musiklehre"},"content":{"rendered":"\n<p><strong>Musiklehre 1<\/strong><br><a href=\"https:\/\/www.ms-leibnitz.at\/wp-content\/uploads\/2023\/10\/EML1_Blockfloete_Lehrstoff_Uebungen.pdf\" target=\"_blank\" rel=\"noreferrer noopener\">Blockfl\u00f6te Lehrstoff \u00dcbungen<\/a><br><a href=\"https:\/\/www.ms-leibnitz.at\/wp-content\/uploads\/2023\/10\/EML1_Klavier_Lehrstoff_Uebungen.pdf\" target=\"_blank\" rel=\"noreferrer noopener\">Klavier Lehrstoff \u00dcbungen<\/a> <br><a href=\"https:\/\/www.ms-leibnitz.at\/wp-content\/uploads\/2023\/10\/EML1_Violine_Lehrstoff_Uebungen.pdf\" target=\"_blank\" rel=\"noreferrer noopener\">Violine Lehrstoff \u00dcbungen<\/a><br> <\/p>\n\n\n\n<p><strong>Musiklehre 2<\/strong><br><a href=\"https:\/\/www.ms-leibnitz.at\/wp-content\/uploads\/2023\/10\/EML2_Bassschluessel_Lehrstoff_Uebungen.pdf\" target=\"_blank\" rel=\"noreferrer noopener\">Bassschl\u00fcssel Lehrstoff \u00dcbungen<\/a><br><a href=\"https:\/\/www.ms-leibnitz.at\/wp-content\/uploads\/2023\/10\/EML2_Bassschluessel_tief_Lehrstoff_Uebungen.pdf\" target=\"_blank\" rel=\"noreferrer noopener\">Bassschl\u00fcssel tief Lehrstoff \u00dcbungen<\/a><br><a href=\"https:\/\/www.ms-leibnitz.at\/wp-content\/uploads\/2023\/10\/EML2_Violinschluessel_Lehrstoff_Uebungen.pdf\" target=\"_blank\" rel=\"noreferrer noopener\">Violinschl\u00fcssel Lehrstoff \u00dcbungen<\/a><br><\/p>\n\n\n\n<p> <strong>Musiklehre 3<\/strong><br> <a href=\"https:\/\/www.ms-leibnitz.at\/wp-content\/uploads\/2023\/10\/EML3_Bassschluessel.pdf\" target=\"_blank\" rel=\"noreferrer noopener\">Bassschl\u00fcssel Lehrstoff \u00dcbungen<\/a><br> <a href=\"https:\/\/www.ms-leibnitz.at\/wp-content\/uploads\/2023\/10\/EML3_Violinschluessel.pdf\" target=\"_blank\" rel=\"noreferrer noopener\">Violinschl\u00fcssel Lehrstoff \u00dcbungen<\/a><br> <\/p>\n","protected":false},"excerpt":{"rendered":"<p>Musiklehre 1Blockfl\u00f6te Lehrstoff \u00dcbungenKlavier Lehrstoff \u00dcbungen Violine Lehrstoff \u00dcbungen Musiklehre 2Bassschl\u00fcssel Lehrstoff \u00dcbungenBassschl\u00fcssel tief Lehrstoff \u00dcbungenViolinschl\u00fcssel Lehrstoff \u00dcbungen Musiklehre 3 Bassschl\u00fcssel Lehrstoff \u00dcbungen Violinschl\u00fcssel Lehrstoff \u00dcbungen<\/p>\n","protected":false},"author":1,"featured_media":0,"parent":27,"menu_order":0,"comment_status":"closed","ping_status":"closed","template":"page-templates\/full-width.php","meta":{"ngg_post_thumbnail":0,"_EventAllDay":false,"_EventTimezone":"","_EventStartDate":"","_EventEndDate":"","_EventStartDateUTC":"","_EventEndDateUTC":"","_EventShowMap":false,"_EventShowMapLink":false,"_EventURL":"","_EventCost":"","_EventCostDescription":"","_EventCurrencySymbol":"","_EventCurrencyCode":"","_EventCurrencyPosition":"","_EventDateTimeSeparator":"","_EventTimeRangeSeparator":"","_EventOrganizerID":[],"_EventVenueID":[],"_OrganizerEmail":"","_OrganizerPhone":"","_OrganizerWebsite":"","_VenueAddress":"","_VenueCity":"","_VenueCountry":"","_VenueProvince":"","_VenueState":"","_VenueZip":"","_VenuePhone":"","_VenueURL":"","_VenueStateProvince":"","_VenueLat":"","_VenueLng":"","_VenueShowMap":false,"_VenueShowMapLink":false,"footnotes":""},"class_list":["post-234","page","type-page","status-publish","hentry"],"blocksy_meta":[],"_links":{"self":[{"href":"https:\/\/www.ms-leibnitz.at\/index.php\/wp-json\/wp\/v2\/pages\/234","targetHints":{"allow":["GET"]}}],"collection":[{"href":"https:\/\/www.ms-leibnitz.at\/index.php\/wp-json\/wp\/v2\/pages"}],"about":[{"href":"https:\/\/www.ms-leibnitz.at\/index.php\/wp-json\/wp\/v2\/types\/page"}],"author":[{"embeddable":true,"href":"https:\/\/www.ms-leibnitz.at\/index.php\/wp-json\/wp\/v2\/users\/1"}],"replies":[{"embeddable":true,"href":"https:\/\/www.ms-leibnitz.at\/index.php\/wp-json\/wp\/v2\/comments?post=234"}],"version-history":[{"count":15,"href":"https:\/\/www.ms-leibnitz.at\/index.php\/wp-json\/wp\/v2\/pages\/234\/revisions"}],"predecessor-version":[{"id":588,"href":"https:\/\/www.ms-leibnitz.at\/index.php\/wp-json\/wp\/v2\/pages\/234\/revisions\/588"}],"up":[{"embeddable":true,"href":"https:\/\/www.ms-leibnitz.at\/index.php\/wp-json\/wp\/v2\/pages\/27"}],"wp:attachment":[{"href":"https:\/\/www.ms-leibnitz.at\/index.php\/wp-json\/wp\/v2\/media?parent=234"}],"curies":[{"name":"wp","href":"https:\/\/api.w.org\/{rel}","templated":true}]}}