{"id":194,"date":"2023-10-10T10:00:00","date_gmt":"2023-10-10T08:00:00","guid":{"rendered":"https:\/\/www.ms-leibnitz.at\/?page_id=194"},"modified":"2025-09-22T13:29:53","modified_gmt":"2025-09-22T11:29:53","slug":"formulare-zum-schulbeginn","status":"publish","type":"page","link":"https:\/\/www.ms-leibnitz.at\/index.php\/downloads\/formulare-zum-schulbeginn\/","title":{"rendered":"Formulare zum Schulbeginn"},"content":{"rendered":"\n<p>Anmeldeformulare, Datenschutzerkl\u00e4rung und Informationen zu Erg\u00e4nzungsf\u00e4chern<br><br><a href=\"https:\/\/www.ms-leibnitz.at\/wp-content\/uploads\/2025\/05\/FORMULAR_Einverstaendniserklaerung_2025-26-1.pdf\"> Anmeldeformular und Antrag Landesf\u00f6rderung mit Einverst\u00e4ndniserkl\u00e4rung Publikation 2025\/2026<\/a><br><br><a href=\"https:\/\/www.ms-leibnitz.at\/wp-content\/uploads\/2025\/09\/Uebernahmebestaetigung-HAUPTFACH-Gemeinde-2025_26.pdf\"> Formular andere Gemeinde Hauptfach<\/a><br> <a href=\"https:\/\/www.ms-leibnitz.at\/wp-content\/uploads\/2025\/09\/Uebernahmebestaetigung-MFE-Gemeinde-2025_26.pdf\">Formular andere Gemeinde Kursfach<\/a><br> <a href=\"https:\/\/www.ms-leibnitz.at\/wp-content\/uploads\/2025\/09\/Uebernahmebestaetigung-ERWACHSENE-Gemeinde-2025_26.pdf\">Formular andere Gemeinde Erwachsene Sch\u00fcler Hauptfach<\/a><br> <a href=\"https:\/\/www.ms-leibnitz.at\/wp-content\/uploads\/2025\/09\/Kurs-und-Ergaenzungsfaecher-2025_26.pdf\" target=\"_blank\" rel=\"noreferrer noopener\">Informationen Zweitf\u00e4cher<\/a><br><\/p>\n\n\n\n<p><\/p>\n","protected":false},"excerpt":{"rendered":"<p>Anmeldeformulare, Datenschutzerkl\u00e4rung und Informationen zu Erg\u00e4nzungsf\u00e4chern Anmeldeformular und Antrag Landesf\u00f6rderung mit Einverst\u00e4ndniserkl\u00e4rung Publikation 2025\/2026 Formular andere Gemeinde Hauptfach Formular andere Gemeinde Kursfach Formular andere Gemeinde Erwachsene Sch\u00fcler Hauptfach Informationen Zweitf\u00e4cher<\/p>\n","protected":false},"author":1,"featured_media":0,"parent":27,"menu_order":0,"comment_status":"closed","ping_status":"closed","template":"","meta":{"ngg_post_thumbnail":0,"_EventAllDay":false,"_EventTimezone":"","_EventStartDate":"","_EventEndDate":"","_EventStartDateUTC":"","_EventEndDateUTC":"","_EventShowMap":false,"_EventShowMapLink":false,"_EventURL":"","_EventCost":"","_EventCostDescription":"","_EventCurrencySymbol":"","_EventCurrencyCode":"","_EventCurrencyPosition":"","_EventDateTimeSeparator":"","_EventTimeRangeSeparator":"","_EventOrganizerID":[],"_EventVenueID":[],"_OrganizerEmail":"","_OrganizerPhone":"","_OrganizerWebsite":"","_VenueAddress":"","_VenueCity":"","_VenueCountry":"","_VenueProvince":"","_VenueState":"","_VenueZip":"","_VenuePhone":"","_VenueURL":"","_VenueStateProvince":"","_VenueLat":"","_VenueLng":"","_VenueShowMap":false,"_VenueShowMapLink":false,"footnotes":""},"class_list":["post-194","page","type-page","status-publish","hentry"],"blocksy_meta":[],"_links":{"self":[{"href":"https:\/\/www.ms-leibnitz.at\/index.php\/wp-json\/wp\/v2\/pages\/194","targetHints":{"allow":["GET"]}}],"collection":[{"href":"https:\/\/www.ms-leibnitz.at\/index.php\/wp-json\/wp\/v2\/pages"}],"about":[{"href":"https:\/\/www.ms-leibnitz.at\/index.php\/wp-json\/wp\/v2\/types\/page"}],"author":[{"embeddable":true,"href":"https:\/\/www.ms-leibnitz.at\/index.php\/wp-json\/wp\/v2\/users\/1"}],"replies":[{"embeddable":true,"href":"https:\/\/www.ms-leibnitz.at\/index.php\/wp-json\/wp\/v2\/comments?post=194"}],"version-history":[{"count":20,"href":"https:\/\/www.ms-leibnitz.at\/index.php\/wp-json\/wp\/v2\/pages\/194\/revisions"}],"predecessor-version":[{"id":1623,"href":"https:\/\/www.ms-leibnitz.at\/index.php\/wp-json\/wp\/v2\/pages\/194\/revisions\/1623"}],"up":[{"embeddable":true,"href":"https:\/\/www.ms-leibnitz.at\/index.php\/wp-json\/wp\/v2\/pages\/27"}],"wp:attachment":[{"href":"https:\/\/www.ms-leibnitz.at\/index.php\/wp-json\/wp\/v2\/media?parent=194"}],"curies":[{"name":"wp","href":"https:\/\/api.w.org\/{rel}","templated":true}]}}